{"id":41,"date":"2019-11-11T10:50:00","date_gmt":"2019-11-11T09:50:00","guid":{"rendered":"http:\/\/www.brfdiligensen8.se\/wordpress\/?page_id=41"},"modified":"2021-01-14T12:51:40","modified_gmt":"2021-01-14T11:51:40","slug":"andrahandsuthyrning","status":"publish","type":"page","link":"http:\/\/www.brfdiligensen8.se\/?page_id=41","title":{"rendered":"Andrahandsuthyrning"},"content":{"rendered":"<div id=\"ctl00_ctl00_B_Content_ctl00_ctl00_Content_ContentPlaceholder\">\n<p>Du har r\u00e4tt att hyra ut din l\u00e4genhet i andra hand under en begr\u00e4nsad tid. Vid andrahandsuthyrning av l\u00e4ngre eller kortare slag har v\u00e5r f\u00f6rening f\u00f6ljande regler:<\/p>\n<h1><strong>L\u00c5NGTIDSUTHYRNING <\/strong><\/h1>\n<p>Vid uthyrning under l\u00e4ngre tid, d\u00e5 f\u00f6ljer vi <strong>hyresn\u00e4mndens regler<\/strong> f\u00f6r andrahandsuthyrning av en hyresl\u00e4genhet som har en maxl\u00e4ngd p\u00e5 totalt tre \u00e5r.<\/p>\n<p>Den som vill hyra ut sin l\u00e4genhet pga sjukdom, tillf\u00e4lligt arbete\/studier p\u00e5 annan ort, l\u00e4ngre utlandsvistelse eller s\u00e4rskilda familjef\u00f6rh\u00e5llanden har i regel alltid r\u00e4tt till det.<\/p>\n<p>Att hyra ut \u201dsvart\u201d i andra hand kan leda till att bostadsr\u00e4tts\u00e4garen\/hyresg\u00e4sten blir av med sin bostad.<\/p>\n<p>F\u00f6reningen till\u00e5ter i regel inte l\u00e4ngre uthyrningstid \u00e4n<strong> ett \u00e5r i taget <\/strong>men vid speciella f\u00f6rh\u00e5llanden, till exempel vid en l\u00e5ng utlandstj\u00e4nstg\u00f6ring, kan tillst\u00e5nd ges f\u00f6r hela perioden.\u00a0<\/p>\n<p><strong>Bostadsr\u00e4tts\u00e4garen\/hyresg\u00e4sten svarar f\u00f6r att m\u00e5nadsavgiften\/hyran betalas och f\u00f6r att <\/strong><strong>andrahandshyresg\u00e4sten sk\u00f6ter sig och f\u00f6ljer f\u00f6reningens ordningsregler<\/strong>. Bryter personen som hyr i andra hand mot dessa, d\u00e5 har styrelsen r\u00e4tt att avbryta andrahandsuthyrningen.<\/p>\n<p>Det \u00e4r en f\u00f6rdel ocks\u00e5 f\u00f6r er &#8211; men inget krav &#8211; att ni uppr\u00e4ttar ett skriftligt andrahandshyresavtal med hyresg\u00e4sten, till exempel f\u00f6r att kunna visa vad ni har kommit \u00f6verens om f\u00f6r hyrestid, upps\u00e4gningstid, ansvarskrav och andra villkor. Detta avtal f\u00e5r ni g\u00e4rna l\u00e4mna in \u00e4ven till f\u00f6reningens styrelse.<\/p>\n<h1><strong>KORTTIDSUTHYRNINGAR <\/strong><\/h1>\n<p>F\u00f6reningens medlemmar har ocks\u00e5 r\u00e4tt att hyra ut sin l\u00e4genhet i andra hand under kortare perioder. Detta f\u00e5r dock g\u00f6ras <strong>max fyra g\u00e5nger per kalender\u00e5r (1 januari-31 december) till en sammantagen tid om max 30 dagar. <\/strong><\/p>\n<p>Den uthyrande medlemmen ska intyga att hyresg\u00e4sterna har tagit del av och lovat f\u00f6lja v\u00e5ra ordningsregler och ansvarar personligen f\u00f6r eventuella problem som kan uppst\u00e5.<\/p>\n<p>Andrahandshyresg\u00e4sterna har <strong>inte tillg\u00e5ng till tv\u00e4ttstuga, cykelrum och g\u00e5rd<\/strong>. De ska inte heller f\u00e5 portkoden. Se allts\u00e5 till att de har nyckel s\u00e5 att de kan ta sig ut och in.<\/p>\n<p>Brott mot dessa regler medf\u00f6r &#8211; efter beslut av styrelsen &#8211; att man helt fr\u00e5ntas m\u00f6jligheten att korttidsuthyra i andra hand.\u00a0<\/p>\n<p>Enligt v\u00e5ra stadgar s\u00e5 ger en icke godk\u00e4nd andrahandsuthyrning styrelsen m\u00f6jlighet att utesluta en medlem ur f\u00f6reningen, vilket inneb\u00e4r att r\u00e4tten att f\u00f6rfoga \u00f6ver l\u00e4genheten dras in.<\/p>\n<h1><strong>Ans\u00f6kan<\/strong><\/h1>\n<p>F\u00f6r att styrelsen eventuellt ska kunna godk\u00e4nna en andrahandsuthyrning m\u00e5ste ans\u00f6kan l\u00e4mnas in <strong>senast tv\u00e5 veckor<\/strong> innan den planerade uthyrningen (korttidsuthyrning). Vi vill ha uppgifter om hyresperiod, kontaktuppgifter (e-postadress och mobilnummer) samt om vem personen\/ personerna \u00e4r som ni hyr ut till. H\u00e4nder det n\u00e5got vill vi direkt kunna n\u00e5 er personligen \u2013 det r\u00e4cker inte med n\u00e5gon annan<\/p>\n<p><strong>Blankett andrahandsuthyrning<\/strong><\/p>\n<p><a href=\"http:\/\/www.brfdiligensen8.se\/?attachment_id=401\">Uthyrning andra hand<\/a><\/p>\n<p>Skriv ut blanketten\u00a0 i <strong>3 ex.\u00a0<\/strong> fyll i &amp; skriv under &amp; l\u00e4gg i f\u00f6reningens brevl\u00e5da i entr\u00e9n eller maila ett ex. till styrelsen@brfdiligensen8.se Styrelsen, medlemmen &amp; den som hyr ska erh\u00e5lla varsitt ex. av godk\u00e4nnandet. kan laddas ner p\u00e5 hemsidan eller best\u00e4lls via mail <a href=\"mailto:styrelsen@brfdilgensen8.se\">styrelsen@brfdilgensen8.se<\/a><\/p>\n<p><strong>Styrelsen har r\u00e4tt att avsl\u00e5 ans\u00f6kan.<\/strong><\/p>\n<p><strong>V\u00e4nligen\u00a0 <\/strong><strong>Styrelsen Brf Diligensen 8<\/strong><\/p>\n<div>\u00a0<\/div>\n<\/div>\n\n\n<p><\/p>\n","protected":false},"excerpt":{"rendered":"<p>Du har r\u00e4tt att hyra ut din l\u00e4genhet i andra hand under en begr\u00e4nsad tid. Vid andrahandsuthyrning av l\u00e4ngre eller kortare slag har v\u00e5r f\u00f6rening f\u00f6ljande regler: L\u00c5NGTIDSUTHYRNING Vid uthyrning under l\u00e4ngre tid, d\u00e5 f\u00f6ljer vi hyresn\u00e4mndens regler f\u00f6r andrahandsuthyrning av en hyresl\u00e4genhet som har en maxl\u00e4ngd p\u00e5 totalt tre \u00e5r. Den som vill hyra [&hellip;]<\/p>\n","protected":false},"author":1,"featured_media":0,"parent":0,"menu_order":0,"comment_status":"closed","ping_status":"closed","template":"page-templates\/full-width.php","meta":{"footnotes":""},"class_list":["post-41","page","type-page","status-publish","hentry"],"_links":{"self":[{"href":"http:\/\/www.brfdiligensen8.se\/index.php?rest_route=\/wp\/v2\/pages\/41","targetHints":{"allow":["GET"]}}],"collection":[{"href":"http:\/\/www.brfdiligensen8.se\/index.php?rest_route=\/wp\/v2\/pages"}],"about":[{"href":"http:\/\/www.brfdiligensen8.se\/index.php?rest_route=\/wp\/v2\/types\/page"}],"author":[{"embeddable":true,"href":"http:\/\/www.brfdiligensen8.se\/index.php?rest_route=\/wp\/v2\/users\/1"}],"replies":[{"embeddable":true,"href":"http:\/\/www.brfdiligensen8.se\/index.php?rest_route=%2Fwp%2Fv2%2Fcomments&post=41"}],"version-history":[{"count":56,"href":"http:\/\/www.brfdiligensen8.se\/index.php?rest_route=\/wp\/v2\/pages\/41\/revisions"}],"predecessor-version":[{"id":622,"href":"http:\/\/www.brfdiligensen8.se\/index.php?rest_route=\/wp\/v2\/pages\/41\/revisions\/622"}],"wp:attachment":[{"href":"http:\/\/www.brfdiligensen8.se\/index.php?rest_route=%2Fwp%2Fv2%2Fmedia&parent=41"}],"curies":[{"name":"wp","href":"https:\/\/api.w.org\/{rel}","templated":true}]}}