{"id":80,"date":"2017-05-12T11:47:25","date_gmt":"2017-05-12T09:47:25","guid":{"rendered":"http:\/\/www.brfdiligensen8.se\/wordpress\/?page_id=80"},"modified":"2025-11-28T17:22:19","modified_gmt":"2025-11-28T16:22:19","slug":"kontakt","status":"publish","type":"page","link":"http:\/\/www.brfdiligensen8.se\/?page_id=80","title":{"rendered":"Kontakt styrelse"},"content":{"rendered":"\n<p><strong>Brf Diligensen 8<\/strong><br \/><strong>Organisationsnummer:<\/strong> 769605-1122<\/p>\n\n\n\n<p><strong>Postadress<\/strong><br \/>Rosenlundsgatan 20<br \/>118 53 Stockholm<\/p>\n\n\n\n<p><strong>E-post<\/strong><br \/><a href=\"mailto:styrelsen@brfdiligensen8.se\">styrelsen@brfdiligensen8.se<\/a><\/p>\n\n\n\n<p><strong>F\u00f6reningen har en brevl\u00e5da i entr\u00e9n, mitt emot hissen.<\/strong><\/p>\n\n\n\n<p><strong>Styrelse &amp; valberedning 202<\/strong>4<\/p>\n\n\n\n<p><strong>Ordf\u00f6rande:<\/strong> Lennart Nordfors<\/p>\n\n\n\n<p><strong>Sekreterare:<\/strong> \u00c5sa-Mi D\u00e4hne<\/p>\n\n\n\n<p><strong>\u00d6vriga ledam\u00f6ter:<\/strong> Hanna Rhodin, Helene Almqvist, Carl K\u00e4rsten, <\/p>\n\n\n\n<p><strong>Suppleant:<\/strong> Camilla Bergstr\u00f6m <\/p>\n\n\n\n<p><strong>Valberedning:<\/strong> Louise Miloitis, Vera H\u00f6rfors<\/p>\n\n\n\n\n","protected":false},"excerpt":{"rendered":"<p>Brf Diligensen 8Organisationsnummer: 769605-1122 PostadressRosenlundsgatan 20118 53 Stockholm E-poststyrelsen@brfdiligensen8.se F\u00f6reningen har en brevl\u00e5da i entr\u00e9n, mitt emot hissen. Styrelse &amp; valberedning 2024 Ordf\u00f6rande: Lennart Nordfors Sekreterare: \u00c5sa-Mi D\u00e4hne \u00d6vriga ledam\u00f6ter: Hanna Rhodin, Helene Almqvist, Carl K\u00e4rsten, Suppleant: Camilla Bergstr\u00f6m Valberedning: Louise Miloitis, Vera H\u00f6rfors<\/p>\n","protected":false},"author":1,"featured_media":0,"parent":0,"menu_order":0,"comment_status":"closed","ping_status":"closed","template":"","meta":{"footnotes":""},"class_list":["post-80","page","type-page","status-publish","hentry"],"_links":{"self":[{"href":"http:\/\/www.brfdiligensen8.se\/index.php?rest_route=\/wp\/v2\/pages\/80","targetHints":{"allow":["GET"]}}],"collection":[{"href":"http:\/\/www.brfdiligensen8.se\/index.php?rest_route=\/wp\/v2\/pages"}],"about":[{"href":"http:\/\/www.brfdiligensen8.se\/index.php?rest_route=\/wp\/v2\/types\/page"}],"author":[{"embeddable":true,"href":"http:\/\/www.brfdiligensen8.se\/index.php?rest_route=\/wp\/v2\/users\/1"}],"replies":[{"embeddable":true,"href":"http:\/\/www.brfdiligensen8.se\/index.php?rest_route=%2Fwp%2Fv2%2Fcomments&post=80"}],"version-history":[{"count":46,"href":"http:\/\/www.brfdiligensen8.se\/index.php?rest_route=\/wp\/v2\/pages\/80\/revisions"}],"predecessor-version":[{"id":861,"href":"http:\/\/www.brfdiligensen8.se\/index.php?rest_route=\/wp\/v2\/pages\/80\/revisions\/861"}],"wp:attachment":[{"href":"http:\/\/www.brfdiligensen8.se\/index.php?rest_route=%2Fwp%2Fv2%2Fmedia&parent=80"}],"curies":[{"name":"wp","href":"https:\/\/api.w.org\/{rel}","templated":true}]}}