{"id":285,"date":"2019-09-28T21:45:00","date_gmt":"2019-09-28T19:45:00","guid":{"rendered":"http:\/\/www.brfdiligensen8.se\/?page_id=285"},"modified":"2025-05-15T09:20:01","modified_gmt":"2025-05-15T07:20:01","slug":"om-rosenlundsgatan-20","status":"publish","type":"page","link":"https:\/\/www.brfdiligensen8.se\/?page_id=285","title":{"rendered":"Om Rosenlundsgatan 20"},"content":{"rendered":"\n<div class=\"wp-block-group\"><div class=\"wp-block-group__inner-container is-layout-flow wp-block-group-is-layout-flow\">\n<p class=\"p1\"><span class=\"s1\">F\u00f6reningen Brf Diligensen 8 \u00e4r en stabil v\u00e4lsk\u00f6tt f\u00f6rening som bildades 2001 och best\u00e5r av 38 bostadsr\u00e4tter samt 3 kommersiella lokaler i gatuplan. De hyrs ut till\u00a0 tv\u00e5 restauranger och en l\u00e5sfirma.\u00a0<\/span><\/p>\n<p class=\"p1\"><span class=\"s1\"><strong>Byggnadstyp:<\/strong> Flerfamiljshus<\/span><\/p>\n<p class=\"p1\"><span class=\"s1\"><strong>Bygg\u00e5r:<\/strong> 1929\/1930<\/span><\/p>\n<p class=\"p1\"><span class=\"s1\"><strong>Fastighetsbeteckning:<\/strong> Diligensen 8<\/span><\/p>\n<p class=\"p1\"><span class=\"s1\"><strong>Tomtr\u00e4tt:<\/strong> F\u00f6reningen \u00e4ger marken som fastigheten st\u00e5r p\u00e5.<\/span><\/p>\n<p class=\"p1\"><span class=\"s1\"><strong>Uppv\u00e4rmning:<\/strong> Fj\u00e4rrv\u00e4rme<\/span><\/p>\n<p class=\"p1\"><span class=\"s1\"><strong>F\u00f6nster:<\/strong> 2-glas<\/span><\/p>\n<p class=\"p1\"><span class=\"s1\"><strong>Hiss:<\/strong> Ja<\/span><\/p>\n<p class=\"p1\"><span class=\"s1\"><strong>Ekonomi:<\/strong> F\u00f6reningen \u00e4r \u00e4kta och har en god ekonomi och det finns inga avgiftsf\u00f6r\u00e4ndringar eller stora renoveringar p\u00e5 g\u00e5ng.<\/span><\/p>\n<p class=\"p1\"><span class=\"s1\"><strong>F\u00f6rvaltning:<\/strong> S\u00e5v\u00e4l teknisk som ekonomisk f\u00f6rvaltning sk\u00f6ts av Hansson &amp; H\u00f6glund Fastighetsf\u00f6rvaltning AB i samr\u00e5d med styrelsen. F\u00f6reningens valda externa revisor \u00e4r P\u00e4r Carlsson, Conseil Revision AB.<\/span><\/p>\n<p class=\"p1\"><span class=\"s1\"><strong>Internet:<\/strong> Bredband2 (ing\u00e5r: 100:- som l\u00e4ggs p\u00e5 m\u00e5nadsavgiften) (1000\/1000 MBit\/s uppkoppling). <\/span><\/p>\n<p class=\"p1\"><span class=\"s1\"><strong>TV:<\/strong> Kabel TV via Tele2. Grundutbudet ing\u00e5r i avgiften.<\/span><\/p>\n<p class=\"p1\"><span class=\"s1\"><strong>\u00d6vrigt:<\/strong>\u00a0<\/span><span class=\"s1\">Det finns cykel\/barnvagnsf\u00f6rr\u00e5d p\u00e5 gatuplan samt vindsf\u00f6rr\u00e5d och tv\u00e4ttstuga p\u00e5 vinden. Tv\u00e4ttstugan \u00e4r utrustad med tv\u00e5 stora tv\u00e4ttmaskiner, torktumlare, torksk\u00e5p och en mangel.<\/span><\/p>\n<p class=\"p1\"><span class=\"s1\">P\u00e5 innerg\u00e5rden finns grill och utem\u00f6bler som man kan njuta av sommartid.<\/span><\/p>\n<p>F\u00f6reningen har en egen \u00e5tervinningsstation &amp; cykelparkering p\u00e5 Samaritgr\u00e4nd.<\/p>\n<p>F\u00f6reningen godk\u00e4nner inte juridisk personer som medlemmar.<\/p>\n<p>F\u00f6reningen till\u00e5ter sam\u00e4gande med 90\/10 dvs. f\u00f6r\u00e4lder eller syskon \u00e4ger 90% &amp; barnet\/syskon som bor i l\u00e4genheten \u00e4ger 10%.<\/p>\n<p class=\"p1\"><span class=\"s1\"><b>Renoveringar som utf\u00f6rts<\/b>:<\/span><\/p>\n<p class=\"p1\"><span class=\"s1\"><strong>1995\u00a0<\/strong> \u00a0 \u00a0 \u00a0 Fastigheten moderniserades och renoverades. Stammar och elstigar byttes och taket och fasaden renoverades.<\/span><\/p>\n<p class=\"p1\"><span class=\"s1\"><strong>2007\u00a0<\/strong> \u00a0 \u00a0 \u00a0 Renovering av tv\u00e4ttstugan<\/span><\/p>\n<p class=\"p1\"><span class=\"s1\"><strong>2012<\/strong>\u00a0 \u00a0 \u00a0 \u00a0 Stamspolning<\/span><\/p>\n<p class=\"p1\"><span class=\"s1\"><strong>2014\u00a0<\/strong> \u00a0 \u00a0 \u00a0 Renovering av hiss<\/span><\/p>\n<p class=\"p1\"><span class=\"s1\"><strong>2015<\/strong>\u00a0 \u00a0 \u00a0 \u00a0 Renovering innerg\u00e5rd<\/span><\/p>\n<p class=\"p1\"><span class=\"s1\"><strong>2016<\/strong>\u00a0 \u00a0 \u00a0 \u00a0 Renovering f\u00f6nster samt en OVK-besiktning (obligatorisk ventilationskontroll)\u00a0 \u00a0 \u00a0 \u00a0 \u00a0 \u00a0 \u00a0 \u00a0 \u00a0 Fuktisolering av fastigheten mot g\u00e5rden.<\/span><\/p>\n<p><strong>2019<\/strong>\u00a0 \u00a0 \u00a0 \u00a0Ny OVK genomf\u00f6rdes.<\/p>\n<p><strong>2020<\/strong>\u00a0 \u00a0 \u00a0 \u00a0M\u00e5lning av tak<\/p>\n<p><strong>2021<\/strong>\u00a0 \u00a0 \u00a0 Upprustning av \u00e5tervinningsstationen p\u00e5 Samaritgr\u00e4nd, inklusive bygge av\u00a0 \u00a0 \u00a0 \u00a0 \u00a0 \u00a0 \u00a0 \u00a0 \u00a0 \u00a0 \u00a0 \u00a0 \u00a0inh\u00e4gnad cykelparkering samt f\u00f6rb\u00e4ttring av tr\u00e4dg\u00e5rden.<\/p>\n<p class=\"p3\"><span class=\"s1\"><b>\u00c5rsredovisningar<\/b><\/span><\/p>\n<p><a href=\"http:\/\/www.brfdiligensen8.se\/?attachment_id=341\" rel=\"attachment wp-att-341\">\u00c5rsredovisning 2017<\/a><\/p>\n<p><a href=\"http:\/\/www.brfdiligensen8.se\/?attachment_id=343\" rel=\"attachment wp-att-343\">\u00c5rsredovisning 2018<\/a><\/p>\n<p><a href=\"http:\/\/www.brfdiligensen8.se\/?attachment_id=543\" rel=\"attachment wp-att-543\">\u00c5rsredovisning 2019 <\/a><\/p>\n<p><a href=\"http:\/\/www.brfdiligensen8.se\/wp-content\/uploads\/2021\/09\/Ar-RB-2020-SIGNERAD.pdf\">\u00c5rsredovisning 2020<\/a><\/p>\n<p><a href=\"http:\/\/www.brfdiligensen8.se\/?attachment_id=795\" rel=\"attachment wp-att-795\">\u00c5rsredovisning 2021<\/a><\/p>\n<p class=\"p1\"><a href=\"http:\/\/www.brfdiligensen8.se\/wp-content\/uploads\/2023\/05\/AR-22_Brf_Diligensen_8.pdf\">\u00c5rsredovisning 2022<\/a><\/p>\n<p><a href=\"https:\/\/www.brfdiligensen8.se\/?attachment_id=846\" rel=\"attachment wp-att-846\">\u00c5rsredovisning 2023<\/a><\/p>\n<p><a href=\"https:\/\/www.brfdiligensen8.se\/?attachment_id=855\" rel=\"attachment wp-att-855\">\u00c5rsredovisning 2024<\/a><\/p>\n<\/div><\/div>\n\n\n\n<p><\/p>\n","protected":false},"excerpt":{"rendered":"<p>F\u00f6reningen Brf Diligensen 8 \u00e4r en stabil v\u00e4lsk\u00f6tt f\u00f6rening som bildades 2001 och best\u00e5r av 38 bostadsr\u00e4tter samt 3 kommersiella lokaler i gatuplan. De hyrs ut till\u00a0 tv\u00e5 restauranger och en l\u00e5sfirma.\u00a0 Byggnadstyp: Flerfamiljshus Bygg\u00e5r: 1929\/1930 Fastighetsbeteckning: Diligensen 8 Tomtr\u00e4tt: F\u00f6reningen \u00e4ger marken som fastigheten st\u00e5r p\u00e5. Uppv\u00e4rmning: Fj\u00e4rrv\u00e4rme F\u00f6nster: 2-glas Hiss: Ja Ekonomi: F\u00f6reningen [&hellip;]<\/p>\n","protected":false},"author":1,"featured_media":0,"parent":0,"menu_order":0,"comment_status":"closed","ping_status":"closed","template":"","meta":{"footnotes":""},"class_list":["post-285","page","type-page","status-publish","hentry"],"_links":{"self":[{"href":"https:\/\/www.brfdiligensen8.se\/index.php?rest_route=\/wp\/v2\/pages\/285","targetHints":{"allow":["GET"]}}],"collection":[{"href":"https:\/\/www.brfdiligensen8.se\/index.php?rest_route=\/wp\/v2\/pages"}],"about":[{"href":"https:\/\/www.brfdiligensen8.se\/index.php?rest_route=\/wp\/v2\/types\/page"}],"author":[{"embeddable":true,"href":"https:\/\/www.brfdiligensen8.se\/index.php?rest_route=\/wp\/v2\/users\/1"}],"replies":[{"embeddable":true,"href":"https:\/\/www.brfdiligensen8.se\/index.php?rest_route=%2Fwp%2Fv2%2Fcomments&post=285"}],"version-history":[{"count":45,"href":"https:\/\/www.brfdiligensen8.se\/index.php?rest_route=\/wp\/v2\/pages\/285\/revisions"}],"predecessor-version":[{"id":856,"href":"https:\/\/www.brfdiligensen8.se\/index.php?rest_route=\/wp\/v2\/pages\/285\/revisions\/856"}],"wp:attachment":[{"href":"https:\/\/www.brfdiligensen8.se\/index.php?rest_route=%2Fwp%2Fv2%2Fmedia&parent=285"}],"curies":[{"name":"wp","href":"https:\/\/api.w.org\/{rel}","templated":true}]}}