{"id":5,"date":"2014-07-31T13:15:53","date_gmt":"2014-07-31T11:15:53","guid":{"rendered":"http:\/\/www.brfdiligensen8.se\/wordpress\/?page_id=5"},"modified":"2023-05-28T17:39:41","modified_gmt":"2023-05-28T15:39:41","slug":"valkommen-till-brf-diligensen-8","status":"publish","type":"page","link":"https:\/\/www.brfdiligensen8.se\/","title":{"rendered":"V\u00e4lkommen till Brf Diligensen 8 n\u00e4ra Mariatorget!"},"content":{"rendered":"<p style=\"text-align: center;\"><a href=\"http:\/\/www.brfdiligensen8.se\/?attachment_id=85\" rel=\"attachment wp-att-85\"><img fetchpriority=\"high\" decoding=\"async\" class=\"alignnone size-full wp-image-85\" src=\"http:\/\/www.brfdiligensen8.se\/\/wp-content\/uploads\/2013\/01\/fasad2.jpg\" alt=\"\" width=\"550\" height=\"323\" srcset=\"https:\/\/www.brfdiligensen8.se\/wp-content\/uploads\/2013\/01\/fasad2.jpg 550w, https:\/\/www.brfdiligensen8.se\/wp-content\/uploads\/2013\/01\/fasad2-300x176.jpg 300w\" sizes=\"(max-width: 550px) 100vw, 550px\" \/><\/a><\/p>\n<p>Roligt att ni flyttar in i denna f\u00f6rening och fastighet! Vi hoppas att ni kommer att trivas v\u00e4l b\u00e5de h\u00e4r och i omr\u00e5det, sk\u00f6na v\u00e4stra S\u00f6der. Sj\u00e4lva Rosenlundsgatan har legat h\u00e4r sedan b\u00f6rjan av 1900-talet och str\u00e4cker sig fr\u00e5n Hornsgatan i norr till Ringv\u00e4gen i syd.<\/p>\n<p>V\u00e5rt hus byggdes 1929-1930. Arkitekten heter Nils Malmborg och han har ritat flera hus i omr\u00e5det, se g\u00e4rna:<a href=\"http:\/\/Roligt att ni flyttar in i denna f\u00f6rening och fastighet! Vi hoppas att ni kommer att trivas v\u00e4l b\u00e5de h\u00e4r och i omr\u00e5det, sk\u00f6na v\u00e4stra S\u00f6der. Sj\u00e4lva Rosenlundsgatan har legat h\u00e4r sedan b\u00f6rjan av 1900-talet och str\u00e4cker sig fr\u00e5n Hornsgatan i norr till Ringv\u00e4gen i syd. V\u00e5rt hus byggdes 1929-1930, arkitekt var Nils Malmborg. Han har ritat flera hus i omr\u00e5det, se g\u00e4rna: kulturnav.org\/e442315c-86a2-4372-81aa-6e7167f06635 I det h\u00e4r dokumentet finner ni en massa information som kan vara bra att ha s\u00e5 spara det g\u00e4rna. Vill ni, s\u00e5 kan ni \u00e4ven f\u00e5 det per mejl, h\u00f6r bara av er till styrelsen p\u00e5 den e-postadress som vi anger i slutet. F\u00f6rst av allt vill vi lyfta fram att vi ju \u00e4ger huset tillsammans och att vi alla d\u00e4rmed har ansvar f\u00f6r det. D\u00e4rf\u00f6r ber vi er att vara r\u00e4dda om f\u00f6reningens egendom - och era grannar! \u2014\u2014\u2014\u2014\u2014\u2014\u2014\u2014\u2014\u2014\u2014\u2014\u2014\u2014\u2014\u2014\u2014\u2014\u2014\u2014\u2014\u2014\u2014\u2014\u2014\u2014\u2014\u2014\u2014\u2014\u2014\u2014\u2014\u2014\u2014\u2014\u2014\u2014\u2014\u2014\u2014\u2014\u2014\u2014\u2014\u2014\u2014\u2014\u2014\u2014\u2014\u2014\u2014\u2014\u2014\u2014\u2014\u2014-\"> kulturnav.org\/e442315c-86a2-4372-81aa-6e7167f06635<\/a><\/p>\n<p><span style=\"font-size: 1rem;\">F\u00f6reningen Brf Diligensen 8 bildades 2001 och best\u00e5r av 38 bostadsr\u00e4tter samt 3 kommersiella lokaler i gatuplan.\u00a0 Mer information om fastigheten och f\u00f6reningen hittar ni p\u00e5 sidan &#8221;Om Rosenlundsgatan 20&#8221;. <\/span><\/p>\n<p><span style=\"font-size: 1rem;\">P\u00e5 sidan &#8221;Ordnings\/trivselregler&#8221; kan ni l\u00e4sa om vad som g\u00e4ller f\u00f6r oss boende. Och d\u00e4r vill vi f<\/span><span style=\"font-size: 1rem;\">\u00f6rst av allt\u00a0 lyfta fram att vi ju \u00e4ger huset tillsammans och att vi alla d\u00e4rmed har ansvar f\u00f6r det. D\u00e4rf\u00f6r ber vi er att vara r\u00e4dda om f\u00f6reningens egendom &#8211; och era grannar!<\/span><\/p>\n<p>H\u00e4r p\u00e5 hemsidan hittar ni \u00e4ven information om andrahandsuthyrning.<\/p>\n<p>Med v\u00e4nliga h\u00e4lsningar!<\/p>\n<p>Styrelsen f\u00f6r Brf\u00a0 Diligensen 8<\/p>\n<p style=\"text-align: center;\"><iframe style=\"border: 0;\" tabindex=\"0\" src=\"https:\/\/www.google.com\/maps\/embed?pb=!1m18!1m12!1m3!1d2035.9990622433897!2d18.05376831615412!3d59.316272619111366!2m3!1f0!2f0!3f0!3m2!1i1024!2i768!4f13.1!3m3!1m2!1s0x465f77e89dfa62c1%3A0x5ceae12472a38adc!2sRosenlundsgatan%2022-26%2C%20118%2053%20Stockholm!5e0!3m2!1sen!2sse!4v1600611768904!5m2!1sen!2sse\" width=\"600\" height=\"450\" frameborder=\"0\" allowfullscreen=\"allowfullscreen\" aria-hidden=\"false\"><\/iframe><\/p>\n<p>Org.nr:\u00a0\u00a0769605-1122<\/p>\n\n\n<p><\/p>\n","protected":false},"excerpt":{"rendered":"<p>Roligt att ni flyttar in i denna f\u00f6rening och fastighet! Vi hoppas att ni kommer att trivas v\u00e4l b\u00e5de h\u00e4r och i omr\u00e5det, sk\u00f6na v\u00e4stra S\u00f6der. Sj\u00e4lva Rosenlundsgatan har legat h\u00e4r sedan b\u00f6rjan av 1900-talet och str\u00e4cker sig fr\u00e5n Hornsgatan i norr till Ringv\u00e4gen i syd. V\u00e5rt hus byggdes 1929-1930. Arkitekten heter Nils Malmborg och [&hellip;]<\/p>\n","protected":false},"author":1,"featured_media":0,"parent":0,"menu_order":0,"comment_status":"closed","ping_status":"closed","template":"","meta":{"footnotes":""},"class_list":["post-5","page","type-page","status-publish","hentry"],"_links":{"self":[{"href":"https:\/\/www.brfdiligensen8.se\/index.php?rest_route=\/wp\/v2\/pages\/5","targetHints":{"allow":["GET"]}}],"collection":[{"href":"https:\/\/www.brfdiligensen8.se\/index.php?rest_route=\/wp\/v2\/pages"}],"about":[{"href":"https:\/\/www.brfdiligensen8.se\/index.php?rest_route=\/wp\/v2\/types\/page"}],"author":[{"embeddable":true,"href":"https:\/\/www.brfdiligensen8.se\/index.php?rest_route=\/wp\/v2\/users\/1"}],"replies":[{"embeddable":true,"href":"https:\/\/www.brfdiligensen8.se\/index.php?rest_route=%2Fwp%2Fv2%2Fcomments&post=5"}],"version-history":[{"count":28,"href":"https:\/\/www.brfdiligensen8.se\/index.php?rest_route=\/wp\/v2\/pages\/5\/revisions"}],"predecessor-version":[{"id":832,"href":"https:\/\/www.brfdiligensen8.se\/index.php?rest_route=\/wp\/v2\/pages\/5\/revisions\/832"}],"wp:attachment":[{"href":"https:\/\/www.brfdiligensen8.se\/index.php?rest_route=%2Fwp%2Fv2%2Fmedia&parent=5"}],"curies":[{"name":"wp","href":"https:\/\/api.w.org\/{rel}","templated":true}]}}