{"id":63,"date":"2019-10-17T16:52:34","date_gmt":"2019-10-17T14:52:34","guid":{"rendered":"http:\/\/www.brfdiligensen8.se\/wordpress\/?page_id=63"},"modified":"2024-01-11T11:38:55","modified_gmt":"2024-01-11T10:38:55","slug":"63-2","status":"publish","type":"page","link":"https:\/\/www.brfdiligensen8.se\/?page_id=63","title":{"rendered":"Hush\u00e5llssopor, matavfall, grovsopor och byggavfall"},"content":{"rendered":"\n<p><\/p>\n\n\n<p style=\"text-align: left;\"><strong>Hush\u00e5llssopor<\/strong>, <strong>tidningar, plast, glas och metall\u00a0 \u00a0 \u00a0 \u00a0 \u00a0 \u00a0 \u00a0 \u00a0 \u00a0 \u00a0 \u00a0 \u00a0 \u00a0 \u00a0 \u00a0 \u00a0 \u00a0 \u00a0 \u00a0 \u00a0 \u00a0 \u00a0 \u00a0 \u00a0 \u00a0 \u00a0 \u00a0 \u00a0 \u00a0 \u00a0 \u00a0 <\/strong>L\u00e4ggs i sop- och \u00e5tervinningsk\u00e4rlen p\u00e5 Samaritgr\u00e4nd.\u00a0<\/p>\n<p><strong>Matavfall<\/strong><\/p>\n<p>P\u00e5 \u00e5tervinningsstationen finns \u00e4ven ett separat k\u00e4rl f\u00f6r v\u00e5rt matavfall. Nya p\u00e5sar finns att h\u00e4mta i g\u00e5ngen bredvid cykelrummet.<\/p>\n<p><strong>Grovsopor<br \/><\/strong>D\u00e5 f\u00f6reningen saknar eget grovsoprum brukar vi <strong>hyra en container en g\u00e5ng per \u00e5r<\/strong> f\u00f6r att alla ska\u00a0 f\u00e5 chansen att sl\u00e4nga lite st\u00f6rre saker. Detta annonseras i trapphuset, p\u00e5 v\u00e5r facebooksida &amp; via mail ca en m\u00e5nad innan.<\/p>\n<p>Som <strong>st\u00f6rre grovsopor<\/strong> <strong>r\u00e4knas m\u00f6bler och annat skrymmande som inte f\u00e5r plats i sopk\u00e4rlen.<\/strong> Dock<strong> ej elektriska apparater<\/strong> s\u00e5 som t ex spis, tv eller dator. Inte heller milj\u00f6farligt avfall (t.ex. kylsk\u00e5p, m\u00e5larf\u00e4rg eller gl\u00f6dlampor) f\u00e5r sl\u00e4ngas i containern. Beh\u00f6ver ni bli av med dylikt s\u00e5 h\u00e4nvisar vi er till Stockholms stads\u00a0<a href=\"http:\/\/www.stockholm.se\/ByggBo\/Avfall-och-atervinning\/Har-lamnar-du-sopor\/Atervinningscentraler\/\">\u00e5tervinningscentraler<\/a>. Stockholms stad har \u00e4ven en mobil milj\u00f6station som kommer till S\u00f6dermalm ett par g\u00e5nger per \u00e5r. H\u00e4r hittar ni deras kalender\u00a0<a href=\"http:\/\/www.stockholm.se\/mobila\">mobil mijl\u00f6station<\/a>\u00a0med information om n\u00e4r och var de dyker upp.<\/p>\n<p>Det finns \u00e4ven m\u00f6jlighet att sl\u00e4nga mindre elektronik &amp; milj\u00f6avfall i h\u00f6rnet Torkel Knutssonsgatan &amp; Bastugatan.<\/p>\n<p style=\"text-align: center;\"><iframe style=\"border: 0;\" tabindex=\"0\" src=\"https:\/\/www.google.com\/maps\/embed?pb=!1m18!1m12!1m3!1d4071.781048847443!2d18.057647000000003!3d59.31808500000001!2m3!1f0!2f0!3f0!3m2!1i1024!2i768!4f13.1!3m3!1m2!1s0x0%3A0xd0123f5d347fba!2sMottagning%20farligt%20avfall%2C%20milj%C3%B6station!5e0!3m2!1sen!2sse!4v1600612012076!5m2!1sen!2sse\" width=\"600\" height=\"450\" frameborder=\"0\" allowfullscreen=\"allowfullscreen\" aria-hidden=\"false\"><\/iframe><\/p>\n<p><strong>Byggavfall<\/strong><\/p>\n<p>Om du renoverar i din l\u00e4genhet, d\u00e5 m\u00e5ste du sj\u00e4lvklart sj\u00e4lv se till att byggavfallet forslas bort. Det f\u00e5r inte st\u00e4llas p\u00e5 g\u00e5rden. Se \u00e4ven till att st\u00e4da bort byggdamm och annat som skr\u00e4par ned i trapphus och entr\u00e9.<\/p>\n<p class=\"p1\"><span class=\"s1\">Om man inte sj\u00e4lv har m\u00f6jlighet att\u00a0st\u00e4da undan byggskr\u00e4p och grovsopor s\u00e5 finns det flera olika f\u00f6retag som erbjuder privatpersoner hj\u00e4lp med detta. I regel sl\u00e4nger kunden sj\u00e4lv byggavfallet i en stors\u00e4ck eller byggs\u00e4ck och meddelar f\u00f6retaget som sk\u00f6ter avfallshanteringen att detta \u00e4r gjort. F\u00f6r det mesta b\u00e4rs sedan dessa s\u00e4ckar ut p\u00e5 trottoaren. Tyv\u00e4rr ser man ofta s\u00e4ckar ligga kvar i veckor ute p\u00e5 trottoarerna men Brf Diligensen 8 kr\u00e4ver att ni ser till att allt byggavfall och skr\u00e4p \u00e4r bortforslat inom <strong>max ett par, tre dagar.<\/strong><\/span><strong>\u00a0<\/strong><\/p>\n<p>Har du inte m\u00f6jlighet att sj\u00e4lv transportera till en \u00e5tervinningscentral, s\u00e5 kan ni\/du ta kontakt med v\u00e5r f\u00f6rvaltare <strong>Hansson &amp; H\u00f6\u00f6glund.\u00a0<\/strong>De kan h\u00e4mta vissa grovsopor mot en avgift.<\/p>\n\n\n<p><\/p>\n","protected":false},"excerpt":{"rendered":"<p>Hush\u00e5llssopor, tidningar, plast, glas och metall\u00a0 \u00a0 \u00a0 \u00a0 \u00a0 \u00a0 \u00a0 \u00a0 \u00a0 \u00a0 \u00a0 \u00a0 \u00a0 \u00a0 \u00a0 \u00a0 \u00a0 \u00a0 \u00a0 \u00a0 \u00a0 \u00a0 \u00a0 \u00a0 \u00a0 \u00a0 \u00a0 \u00a0 \u00a0 \u00a0 \u00a0 L\u00e4ggs i sop- och \u00e5tervinningsk\u00e4rlen p\u00e5 Samaritgr\u00e4nd.\u00a0 Matavfall P\u00e5 \u00e5tervinningsstationen finns \u00e4ven ett separat k\u00e4rl f\u00f6r v\u00e5rt matavfall. Nya [&hellip;]<\/p>\n","protected":false},"author":1,"featured_media":0,"parent":0,"menu_order":0,"comment_status":"closed","ping_status":"closed","template":"page-templates\/full-width.php","meta":{"footnotes":""},"class_list":["post-63","page","type-page","status-publish","hentry"],"_links":{"self":[{"href":"https:\/\/www.brfdiligensen8.se\/index.php?rest_route=\/wp\/v2\/pages\/63","targetHints":{"allow":["GET"]}}],"collection":[{"href":"https:\/\/www.brfdiligensen8.se\/index.php?rest_route=\/wp\/v2\/pages"}],"about":[{"href":"https:\/\/www.brfdiligensen8.se\/index.php?rest_route=\/wp\/v2\/types\/page"}],"author":[{"embeddable":true,"href":"https:\/\/www.brfdiligensen8.se\/index.php?rest_route=\/wp\/v2\/users\/1"}],"replies":[{"embeddable":true,"href":"https:\/\/www.brfdiligensen8.se\/index.php?rest_route=%2Fwp%2Fv2%2Fcomments&post=63"}],"version-history":[{"count":43,"href":"https:\/\/www.brfdiligensen8.se\/index.php?rest_route=\/wp\/v2\/pages\/63\/revisions"}],"predecessor-version":[{"id":840,"href":"https:\/\/www.brfdiligensen8.se\/index.php?rest_route=\/wp\/v2\/pages\/63\/revisions\/840"}],"wp:attachment":[{"href":"https:\/\/www.brfdiligensen8.se\/index.php?rest_route=%2Fwp%2Fv2%2Fmedia&parent=63"}],"curies":[{"name":"wp","href":"https:\/\/api.w.org\/{rel}","templated":true}]}}